{"id":119,"date":"2018-08-17T17:29:28","date_gmt":"2018-08-17T15:29:28","guid":{"rendered":"https:\/\/ferienhaus-eifeltraeume.de\/web\/?page_id=119"},"modified":"2019-03-08T10:41:20","modified_gmt":"2019-03-08T09:41:20","slug":"linkpartner","status":"publish","type":"page","link":"https:\/\/ferienhaus-eifeltraeume.de\/web\/linkpartner\/","title":{"rendered":"Linkpartner"},"content":{"rendered":"\n<p>Hier finden Sie interessante Links zu unseren Partnern.<\/p>\n\n\n\n<p class=\"has-background has-regular-font-size has-very-light-gray-background-color\"><img decoding=\"async\" loading=\"lazy\" width=\"40\" height=\"25\" class=\"wp-image-93\" style=\"margin-bottom: -7px; margin-left: -17px; width: 40px;\" src=\"https:\/\/ferienhaus-eifeltraeume.de\/web\/wp-content\/uploads\/2018\/08\/web.png\" alt=\"\">&nbsp;<a href=\"https:\/\/casa-zauberhaft.de\" target=\"_blank\" rel=\"noopener noreferrer\"><strong>Casa Zauberhaft<\/strong><\/a><br>Unser Fachgesch\u00e4ft f\u00fcr &#8222;Einfach sch\u00f6ne Dinge&#8220;. Handgemachtes, Dekoration, Feinkost und vieles mehr&#8230;<\/p>\n\n\n\n<p class=\"has-background has-regular-font-size has-very-light-gray-background-color\"><img decoding=\"async\" loading=\"lazy\" width=\"40\" height=\"25\" class=\"wp-image-93\" style=\"margin-bottom: -7px; margin-left: -17px; width: 40px;\" src=\"https:\/\/ferienhaus-eifeltraeume.de\/web\/wp-content\/uploads\/2018\/08\/web.png\" alt=\"\">&nbsp;<a href=\"http:\/\/www.webundprint.de\" target=\"_blank\" rel=\"noopener noreferrer\"><strong>Web &amp; PRINT MedienService<\/strong><\/a><br>Unsere Internet- und Medienagentur<\/p>\n\n\n\n<p class=\"has-background has-regular-font-size has-very-light-gray-background-color\"><img decoding=\"async\" loading=\"lazy\" width=\"40\" height=\"25\" class=\"wp-image-93\" style=\"margin-bottom: -7px; margin-left: -17px; width: 40px;\" src=\"https:\/\/ferienhaus-eifeltraeume.de\/web\/wp-content\/uploads\/2018\/08\/web.png\" alt=\"\">&nbsp;<a href=\"http:\/\/www.birresborn.de\" target=\"_blank\" rel=\"noopener noreferrer\"><strong>Birresborn<\/strong><\/a><br>Unser Heimatort im Internet. Erfahren Sie alles \u00fcber Land und Leute und die Freitzeitm\u00f6glichkeiten rund um das Ferienhaus eifelTR\u00c4UME.<\/p>\n\n\n\n<p class=\"has-background has-regular-font-size has-very-light-gray-background-color\"><img decoding=\"async\" loading=\"lazy\" width=\"40\" height=\"25\" class=\"wp-image-93\" style=\"margin-bottom: -7px; margin-left: -17px; width: 40px;\" src=\"https:\/\/ferienhaus-eifeltraeume.de\/web\/wp-content\/uploads\/2018\/08\/web.png\" alt=\"\">\u00a0<strong><a rel=\"noreferrer noopener\" aria-label=\"Fotostudios Nieder (\u00f6ffnet in neuem Tab)\" href=\"https:\/\/foto-nieder.de\/\" target=\"_blank\">Fotostudios Nieder<\/a><\/strong><br>Die Profis f\u00fcr professionelle Fotos<\/p>\n","protected":false},"excerpt":{"rendered":"<p>Hier finden Sie interessante Links zu unseren Partnern. &nbsp;Casa ZauberhaftUnser Fachgesch\u00e4ft f\u00fcr &#8222;Einfach sch\u00f6ne Dinge&#8220;. Handgemachtes, Dekoration, Feinkost und vieles mehr&#8230; &nbsp;Web &amp; PRINT MedienServiceUnsere Internet- und Medienagentur &nbsp;BirresbornUnser Heimatort im Internet. Erfahren Sie alles \u00fcber Land und Leute und die Freitzeitm\u00f6glichkeiten rund um das Ferienhaus eifelTR\u00c4UME. \u00a0Fotostudios NiederDie Profis&#8230;<\/p>\n<p> <a class=\"continue-reading-link\" href=\"https:\/\/ferienhaus-eifeltraeume.de\/web\/linkpartner\/\"><span>Continue reading<\/span><i class=\"crycon-right-dir\"><\/i><\/a><\/p>\n","protected":false},"author":1,"featured_media":0,"parent":0,"menu_order":0,"comment_status":"closed","ping_status":"closed","template":"","meta":[],"_links":{"self":[{"href":"https:\/\/ferienhaus-eifeltraeume.de\/web\/wp-json\/wp\/v2\/pages\/119"}],"collection":[{"href":"https:\/\/ferienhaus-eifeltraeume.de\/web\/wp-json\/wp\/v2\/pages"}],"about":[{"href":"https:\/\/ferienhaus-eifeltraeume.de\/web\/wp-json\/wp\/v2\/types\/page"}],"author":[{"embeddable":true,"href":"https:\/\/ferienhaus-eifeltraeume.de\/web\/wp-json\/wp\/v2\/users\/1"}],"replies":[{"embeddable":true,"href":"https:\/\/ferienhaus-eifeltraeume.de\/web\/wp-json\/wp\/v2\/comments?post=119"}],"version-history":[{"count":10,"href":"https:\/\/ferienhaus-eifeltraeume.de\/web\/wp-json\/wp\/v2\/pages\/119\/revisions"}],"predecessor-version":[{"id":204,"href":"https:\/\/ferienhaus-eifeltraeume.de\/web\/wp-json\/wp\/v2\/pages\/119\/revisions\/204"}],"wp:attachment":[{"href":"https:\/\/ferienhaus-eifeltraeume.de\/web\/wp-json\/wp\/v2\/media?parent=119"}],"curies":[{"name":"wp","href":"https:\/\/api.w.org\/{rel}","templated":true}]}}