{"id":3,"date":"2018-07-31T14:04:45","date_gmt":"2018-07-31T14:04:45","guid":{"rendered":"http:\/\/ferienhaus-eifeltraeume.de\/web?page_id=3"},"modified":"2018-08-06T16:16:12","modified_gmt":"2018-08-06T14:16:12","slug":"datenschutzerklaerung","status":"publish","type":"page","link":"https:\/\/ferienhaus-eifeltraeume.de\/web\/datenschutzerklaerung\/","title":{"rendered":"Datenschutz"},"content":{"rendered":"<p>Allgemeine Datenschutzerkl\u00e4rung<br \/>\nDurch die Nutzung unserer Website erkl\u00e4ren Sie sich mit der Erhebung, Verarbeitung und Nutzung von Daten gem\u00e4\u00df der nachfolgenden Beschreibung einverstanden. Unsere Website kann grunds\u00e4tzlich ohne Registrierung besucht werden. Dabei werden Daten wie beispielsweise aufgerufene Seiten bzw. Namen der abgerufenen Datei, Datum und Uhrzeit zu statistischen Zwecken auf dem Server gespeichert, ohne dass diese Daten unmittelbar auf Ihre Person bezogen werden. Personenbezogene Daten, insbesondere Name, Adresse oder E-Mail-Adresse werden soweit m\u00f6glich auf freiwilliger Basis erhoben. Ohne Ihre Einwilligung erfolgt keine Weitergabe der Daten an Dritte.<br \/>\nDer Schutz und die Sicherheit von pers\u00f6nlichen Daten hat bei uns eine hohe Priorit\u00e4t. Daher halten wir uns strikt an die Regeln des deutschen Bundesdatenschutzgesetzes (BDSG). Nachfolgend werden Sie dar\u00fcber informiert, welche Art von Daten erfasst und zu welchem Zweck sie erhoben werden:<\/p>\n<p>1. Daten\u00fcbermittlung \/Datenprotokollierung<br \/>\nBeim Besuch dieser Seite verzeichnet der Web-Server automatisch Log-Files, die keiner bestimmten Person zugeordnet werden k\u00f6nnen. Diese Daten beinhalten z. B. den Browsertyp und -version, verwendetes Betriebssystem, Referrer URL (die zuvor besuchte Seite), IP-Adresse des anfragenden Rechners, Zugriffsdatum und -Uhrzeit der Serveranfrage und die Dateianfrage des Client (Dateiname und URL). Diese Daten werden nur zum Zweck der statistischen Auswertung gesammelt. Eine Weitergabe an Dritte, zu kommerziellen oder nichtkommerziellen Zwecken, findet nicht statt.<\/p>\n<p>2. Nutzung pers\u00f6nlicher Daten<br \/>\nPers\u00f6nliche Daten werden nur erhoben oder verarbeitet, wenn Sie diese Angaben freiwillig, z.B. im Rahmen einer Anfrage mitteilen. Sofern keine erforderlichen Gr\u00fcnde im Zusammenhang mit einer Gesch\u00e4ftsabwicklung bestehen, k\u00f6nnen Sie jederzeit die zuvor erteilte Genehmigung Ihrer pers\u00f6nlichen Datenspeicherung mit sofortiger Wirkung schriftlich (z.B. per E-Mail oder per Fax) widerrufen. Ihre Daten werden nicht an Dritte weitergeben, es sei denn, eine Weitergabe ist aufgrund gesetzlicher Vorschriften erforderlich.<\/p>\n<p>3. Auskunft, \u00c4nderung und L\u00f6schung Ihrer Daten<br \/>\nGem\u00e4\u00df geltendem Recht k\u00f6nnen Sie jederzeit bei uns schriftlich nachfragen, ob und welche personenbezogenen Daten bei uns \u00fcber Sie gespeichert sind. Eine entsprechende Mitteilung hierzu erhalten Sie umgehend.<\/p>\n<p>4. Sicherheit Ihrer Daten<br \/>\nIhre uns zur Verf\u00fcgung gestellten pers\u00f6nlichen Daten werden durch Ergreifung aller technischen sowie organisatorischen Sicherheitsma\u00dfnahmen so gesichert, dass sie f\u00fcr den Zugriff unberechtigter Dritter unzug\u00e4nglich sind. Bei Versendung von sehr sensiblen Daten oder Informationen ist es empfehlenswert, den Postweg zu nutzen, da eine vollst\u00e4ndige Datensicherheit per E-Mail nicht gew\u00e4hrleistet werden kann.<\/p>\n<p>5. Cookies<br \/>\nAuf einigen unserer Seiten verwenden wir sog. &#8222;Session-Cookies&#8220;, um Ihnen die Nutzung unserer Webseiten zu erleichtern. Dabei handelt es sich um kleine Textdateien, die nur f\u00fcr die Dauer Ihres Besuchs unserer Webseite auf Ihrer Festplatte hinterlegt und abh\u00e4ngig von der Einstellung Ihres Browser-Programms beim Beenden des Browsers wieder gel\u00f6scht werden. Diese Cookies rufen keine auf Ihrer Festplatte \u00fcber Sie gespeicherten Informationen ab und beeintr\u00e4chtigen nicht Ihren PC oder ihre Dateien. Die meisten Browser sind so eingestellt, dass sie Cookies automatisch akzeptieren. Sie k\u00f6nnen das Speichern von Cookies jedoch deaktivieren oder ihren Browser so einstellen, dass er Sie auf die Sendung von Cookies hinweist.<\/p>\n<p>6. \u00c4nderungen dieser Datenschutzbestimmungen<br \/>\nWir werden diese Richtlinien zum Schutz Ihrer pers\u00f6nlichen Daten von Zeit zu Zeit aktualisieren. Sie sollten sich diese Richtlinien gelegentlich ansehen, um auf dem Laufenden dar\u00fcber zu bleiben, wie wir Ihre Daten sch\u00fctzen und die Inhalte unserer Website stetig verbessern. Sollten wir wesentliche \u00c4nderungen bei der Sammlung, der Nutzung und\/oder der Weitergabe der uns von Ihnen zur Verf\u00fcgung gestellten personenbezogenen Daten vornehmen, werden wir Sie durch einen eindeutigen und gut sichtbaren Hinweis auf der Website darauf aufmerksam machen. Mit der Nutzung der Webseite erkl\u00e4ren Sie sich mit den Bedingungen dieser Richtlinien zum Schutz pers\u00f6nlicher Daten einverstanden.<br \/>\nBei Fragen zu diesen Datenschutzbestimmungen wenden Sie sich bitte \u00fcber unsere Kontakt-Seite an uns.<\/p>\n<p>7. Datenschutzerkl\u00e4rung f\u00fcr Google Analytics<br \/>\nUnsere Website verwendet Google Analytics, einen Webanalysedienst von Google Inc., 1600 Amphitheatre Parkway, Mountain View, CA 94043, USA. Zur Deaktivierung von Google Analytiscs stellt Google unter <a href=\"http:\/\/tools.google.com\/dlpage\/gaoptout?hl=de\">http:\/\/tools.google.com\/dlpage\/gaoptout?hl=de<\/a> ein Browser-Plug-In zur Verf\u00fcgung. Google Analytics verwendet Cookies. Das sind kleine Textdateien, die es m\u00f6glich machen, auf dem Endger\u00e4t des Nutzers spezifische, auf den Nutzer bezogene Informationen zu speichern. Diese erm\u00f6glichen eine Analyse der Nutzung unseres Websitangebotes durch Google. Die durch den Cookie erfassten Informationen \u00fcber die Nutzung unserer Seiten (einschlie\u00dflich Ihrer IP-Adresse) werden in der Regel an einen Server von Google in den USA \u00fcbertragen und dort gespeichert. Wir weisen darauf hin, dass auf dieser Website Google Analytics um den Code \u201egat._anonymizeIp();\u201c erweitert wurde, um eine anonymisierte Erfassung von IP-Adressen (sog. IP-Masking) zu gew\u00e4hrleisten. Ist die Anonymisierung aktiv, k\u00fcrzt Google IP-Adressen innerhalb von Mitgliedstaaten der Europ\u00e4ischen Union oder in anderen Vertragsstaaten des Abkommens \u00fcber den Europ\u00e4ischen Wirtschaftsraum, weswegen keine R\u00fcckschl\u00fcsse auf Ihre Identit\u00e4t m\u00f6glich sind. Nur in Ausnahmef\u00e4llen wird die volle IP-Adresse an einen Server von Google in den USA \u00fcbertragen und dort gek\u00fcrzt. Google beachtet die Datenschutzbestimmungen des \u201eUS-Safe-Harbor\u201c-Abkommens und ist beim \u201eSafe Harbor\u201c-Programm des US-Handelsministeriums registriert und nutzt die gesammelten Informationen, um die Nutzung unserer Websites auszuwerten, Berichte f\u00fcr uns diesbez\u00fcglich zu verfassen und andere diesbez\u00fcgliche Dienstleistungen an uns zu erbringen. Mehr erfahren Sie unter <a href=\"http:\/\/www.google.com\/intl\/de\/analytics\/privacyoverview.html\">http:\/\/www.google.com\/intl\/de\/analytics\/privacyoverview.html.<\/a><\/p>\n<p>8. Tools und Sonstiges<\/p>\n<p>8.1 Google reCAPTCHA<br \/>\nAuf dieser Website verwenden wir auch die reCAPTCHA Funktion von Google LLC, 1600 Amphitheatre Parkway, Mountain View, CA 94043, USA (\u201eGoogle&amp;ldquo. Diese Funktion dient vor allem zur Unterscheidung, ob eine Eingabe durch eine nat\u00fcrliche Person erfolgt oder missbr\u00e4uchlich durch maschinelle und automatisierte Verarbeitung erfolgt. Der Dienst inkludiert den Versand der IP-Adresse und ggf. weiterer von Google f\u00fcr den Dienst reCAPTCHA ben\u00f6tigter Daten an Google und erfolgt gem\u00e4\u00df Art. 6 Abs. 1 lit. f DSGVO auf Basis unseres berechtigten Interesses an der Feststellung der individuellen Willensgetragenheit von Handlungen im Internet und der Vermeidung von Missbrauch und Spam.<\/p>\n<p>Google LLC mit Sitz in den USA ist f\u00fcr das us-europ\u00e4ische Datenschutz\u00fcbereinkommen \u201ePrivacy Shield\u201c zertifiziert, welches die Einhaltung des in der EU geltenden Datenschutzniveaus gew\u00e4hrleistet.<br \/>\nWeiterf\u00fchrende Informationen zu Google reCAPTCHA sowie die Datenschutzerkl\u00e4rung von Google k\u00f6nnen Sie einsehen unter: <a href=\"https:\/\/www.google.com\/intl\/de\/policies\/privacy\/\">https:\/\/www.google.com\/intl\/de\/policies\/privacy\/<\/a><\/p>\n<p>8.2 Google Maps<br \/>\nAuf unserer Website verwenden wir Google Maps (API) von Google LLC., 1600 Amphitheatre Parkway, Mountain View, CA 94043, USA (\u201cGoogle&amp;rdquo. Google Maps ist ein Webdienst zur Darstellung von interaktiven (Land-)Karten, um geographische Informationen visuell darzustellen. \u00dcber die Nutzung dieses Dienstes wird Ihnen unser Standort angezeigt und eine etwaige Anfahrt erleichtert.<\/p>\n<p>Bereits beim Aufrufen derjenigen Unterseiten, in die die Karte von Google Maps eingebunden ist, werden Informationen \u00fcber Ihre Nutzung unserer Website (wie z.B. Ihre IP-Adresse) an Server von Google in den USA \u00fcbertragen und dort gespeichert. Dies erfolgt unabh\u00e4ngig davon, ob Google ein Nutzerkonto bereitstellt, \u00fcber das Sie eingeloggt sind, oder ob kein Nutzerkonto besteht. Wenn Sie bei Google eingeloggt sind, werden Ihre Daten direkt Ihrem Konto zugeordnet. Wenn Sie die Zuordnung mit Ihrem Profil bei Google nicht w\u00fcnschen, m\u00fcssen Sie sich vor Aktivierung des Buttons ausloggen. Google speichert Ihre Daten (selbst f\u00fcr nicht eingeloggte Nutzer) als Nutzungsprofile und wertet diese aus. Eine solche Auswertung erfolgt insbesondere gem\u00e4\u00df Art. 6 Abs. 1 lit.f DSGVO auf Basis der berechtigten Interessen von Google an der Einblendung personalisierter Werbung, Marktforschung und\/oder bedarfsgerechten Gestaltung seiner Website. Ihnen steht ein Widerspruchsrecht zu gegen die Bildung dieser Nutzerprofile, wobei Sie sich zur Aus\u00fcbung dessen an Google richten m\u00fcssen.<\/p>\n<p>Google LLC mit Sitz in den USA ist f\u00fcr das us-europ\u00e4ische Datenschutz\u00fcbereinkommen \u201ePrivacy Shield\u201c zertifiziert, welches die Einhaltung des in der EU geltenden Datenschutzniveaus gew\u00e4hrleistet.<\/p>\n<p>Wenn Sie mit der k\u00fcnftigen \u00dcbermittlung Ihrer Daten an Google im Rahmen der Nutzung von Google Maps nicht einverstanden sind, besteht auch die M\u00f6glichkeit, den Webdienst von Google Maps vollst\u00e4ndig zu deaktivieren, indem Sie die Anwendung JavaScript in Ihrem Browser ausschalten. Google Maps und damit auch die Kartenanzeige auf dieser Internetseite kann dann nicht genutzt werden.<\/p>\n<p>Die Nutzungsbedingungen von Google k\u00f6nnen Sie unter <a href=\"http:\/\/www.google.de\/intl\/de\/policies\/terms\/regional.html\">http:\/\/www.google.de\/intl\/de\/policies\/terms\/regional.html<\/a> einsehen, die zus\u00e4tzlichen Nutzungsbedingungen f\u00fcr Google Maps finden Sie unter <a href=\"https:\/\/www.google.com\/intl\/de_US\/help\/terms_maps.html\">https:\/\/www.google.com\/intl\/de_US\/help\/terms_maps.html<\/a><br \/>\nAusf\u00fchrliche Informationen zum Datenschutz im Zusammenhang mit der Verwendung von Google Maps finden Sie auf der Internetseite von Google (\u201eGoogle Privacy Policy&amp;ldquo: <a href=\"http:\/\/www.google.de\/intl\/de\/policies\/privacy\/\">http:\/\/www.google.de\/intl\/de\/policies\/privacy\/<\/a><\/p>\n<p>8.3 Google Web Fonts<br \/>\nDiese Seite nutzt zur einheitlichen Darstellung von Schriftarten so genannte Web Fonts die von der Google LLC., 1600 Amphitheatre Parkway, Mountain View, CA 94043, USA (\u201eGoogle&amp;ldquo bereitgestellt werden. Beim Aufruf einer Seite l\u00e4dt Ihr Browser die ben\u00f6tigten Web Fonts in ihren Browser-Cache, um Texte und Schriftarten korrekt anzuzeigen.<\/p>\n<p>Zu diesem Zweck muss der von Ihnen verwendete Browser Verbindung zu den Servern von Google aufnehmen. Hierdurch erlangt Google Kenntnis dar\u00fcber, dass \u00fcber Ihre IP-Adresse unsere Website aufgerufen wurde. Die Nutzung von Google Web Fonts erfolgt im Interesse einer einheitlichen und ansprechenden Darstellung unserer Online-Angebote. Dies stellt ein berechtigtes Interesse im Sinne von Art. 6 Abs. 1 lit. f DSGVO dar. Wenn Ihr Browser Web Fonts nicht unterst\u00fctzt, wird eine Standardschrift von Ihrem Computer genutzt.<\/p>\n<p>Google LLC mit Sitz in den USA ist f\u00fcr das us-europ\u00e4ische Datenschutz\u00fcbereinkommen \u201ePrivacy Shield\u201c zertifiziert, welches die Einhaltung des in der EU geltenden Datenschutzniveaus gew\u00e4hrleistet.<\/p>\n<p>Weitere Informationen zu Google Web Fonts finden Sie unter <a href=\"https:\/\/developers.google.com\/fonts\/faq\">https:\/\/developers.google.com\/fonts\/faq<\/a> und in der Datenschutzerkl\u00e4rung von Google: <a href=\"https:\/\/www.google.com\/policies\/privacy\/\">https:\/\/www.google.com\/policies\/privacy\/<\/a><\/p>\n<p>9. Datenschutzerkl\u00e4rung f\u00fcr Facebook<br \/>\nUnsere Website verwendet Funktionen von Facebook Inc., 1601 S. California Ave, Palo Alto, CA 94304, USA . Bei Aufruf unserer Seiten mit Facebook-Plug-Ins wird eine Verbindung zwischen Ihrem Browser und den Servern von Facebook aufgebaut. Dabei werden bereits Daten an Facebook \u00fcbertragen. Besitzen Sie einen Facebook-Account, k\u00f6nnen diese Daten damit verkn\u00fcpft werden. Wenn Sie keine Zuordnung dieser Daten zu Ihrem Facebook-Account w\u00fcnschen, loggen Sie sich bitte vor dem Besuch unserer Seite bei Facebook aus. Interaktionen, insbesondere das Nutzen einer Kommentarfunktion oder das Anklicken eines \u201eLike\u201c- oder \u201eTeilen\u201c-Buttons werden ebenfalls an Facebook weitergegeben. Mehr erfahren Sie unter <a href=\"https:\/\/de-de.facebook.com\/about\/privacy\">https:\/\/de-de.facebook.com\/about\/privacy.<\/a><\/p>\n","protected":false},"excerpt":{"rendered":"<p>Allgemeine Datenschutzerkl\u00e4rung Durch die Nutzung unserer Website erkl\u00e4ren Sie sich mit der Erhebung, Verarbeitung und Nutzung von Daten gem\u00e4\u00df der nachfolgenden Beschreibung einverstanden. Unsere Website kann grunds\u00e4tzlich ohne Registrierung besucht werden. Dabei werden Daten wie beispielsweise aufgerufene Seiten bzw. Namen der abgerufenen Datei, Datum und Uhrzeit zu statistischen Zwecken auf&#8230;<\/p>\n<p> <a class=\"continue-reading-link\" href=\"https:\/\/ferienhaus-eifeltraeume.de\/web\/datenschutzerklaerung\/\"><span>Continue reading<\/span><i class=\"crycon-right-dir\"><\/i><\/a><\/p>\n","protected":false},"author":1,"featured_media":0,"parent":0,"menu_order":0,"comment_status":"closed","ping_status":"open","template":"","meta":[],"_links":{"self":[{"href":"https:\/\/ferienhaus-eifeltraeume.de\/web\/wp-json\/wp\/v2\/pages\/3"}],"collection":[{"href":"https:\/\/ferienhaus-eifeltraeume.de\/web\/wp-json\/wp\/v2\/pages"}],"about":[{"href":"https:\/\/ferienhaus-eifeltraeume.de\/web\/wp-json\/wp\/v2\/types\/page"}],"author":[{"embeddable":true,"href":"https:\/\/ferienhaus-eifeltraeume.de\/web\/wp-json\/wp\/v2\/users\/1"}],"replies":[{"embeddable":true,"href":"https:\/\/ferienhaus-eifeltraeume.de\/web\/wp-json\/wp\/v2\/comments?post=3"}],"version-history":[{"count":1,"href":"https:\/\/ferienhaus-eifeltraeume.de\/web\/wp-json\/wp\/v2\/pages\/3\/revisions"}],"predecessor-version":[{"id":26,"href":"https:\/\/ferienhaus-eifeltraeume.de\/web\/wp-json\/wp\/v2\/pages\/3\/revisions\/26"}],"wp:attachment":[{"href":"https:\/\/ferienhaus-eifeltraeume.de\/web\/wp-json\/wp\/v2\/media?parent=3"}],"curies":[{"name":"wp","href":"https:\/\/api.w.org\/{rel}","templated":true}]}}