{"id":86,"date":"2018-08-17T12:06:22","date_gmt":"2018-08-17T10:06:22","guid":{"rendered":"https:\/\/ferienhaus-eifeltraeume.de\/web\/?page_id=86"},"modified":"2024-02-05T12:15:47","modified_gmt":"2024-02-05T11:15:47","slug":"freizeit-tipps","status":"publish","type":"page","link":"https:\/\/ferienhaus-eifeltraeume.de\/web\/freizeit-tipps\/","title":{"rendered":"Freizeit-Tipps"},"content":{"rendered":"\r\n<p>Hier erhalten Sie einige Tipps f\u00fcr Freizeizaktivit\u00e4ten bei uns in der Eifel.<\/p>\r\n\r\n\r\n\r\n\r\n\r\n<p class=\"has-background has-regular-font-size has-very-light-gray-background-color\"><img decoding=\"async\" loading=\"lazy\" width=\"40\" height=\"25\" class=\"wp-image-93\" style=\"margin-bottom: -7px; margin-left: -17px; width: 40px;\" src=\"https:\/\/ferienhaus-eifeltraeume.de\/web\/wp-content\/uploads\/2018\/08\/web.png\" alt=\"\" \/>\u00a0<a href=\"http:\/\/birresborn.de\/naturdenkmal.asp?LANG=de\" target=\"_blank\" rel=\"noopener\"><strong>Sehensw\u00fcrdigkeiten rund um Birresborn<\/strong><\/a><br \/>Entdecken Sie die <a href=\"http:\/\/birresborn.de\/naturdenkmal.asp?ID_LANDMARK=46&amp;LANG=de\" target=\"_blank\" rel=\"noopener\">Eish\u00f6hlen<\/a>, den <a href=\"http:\/\/birresborn.de\/naturdenkmal.asp?ID_LANDMARK=43&amp;LANG=de\" target=\"_blank\" rel=\"noopener\">Vulkan Kalem,<\/a> <a href=\"http:\/\/birresborn.de\/naturdenkmal.asp?ID_LANDMARK=45&amp;LANG=de\" target=\"_blank\" rel=\"noopener\">Adam &amp; Eva <\/a>mit der<a href=\"http:\/\/birresborn.de\/naturdenkmal.asp?ID_LANDMARK=45&amp;LANG=de\" target=\"_blank\" rel=\"noopener\"> Riesenbank<\/a><br \/>und weitere Sehensw\u00fcrdigkeiten um unseren Heimatort.<\/p>\r\n\r\n\r\n\r\n<p class=\"has-background has-regular-font-size has-very-light-gray-background-color\"><img decoding=\"async\" loading=\"lazy\" width=\"40\" height=\"25\" class=\"wp-image-93\" style=\"margin-bottom: -7px; margin-left: -17px; width: 40px;\" src=\"https:\/\/ferienhaus-eifeltraeume.de\/web\/wp-content\/uploads\/2018\/08\/web.png\" alt=\"\" \/>\u00a0<a href=\"https:\/\/www.hillesheimer-gerolsteiner-land.de\" target=\"_blank\" rel=\"noopener\"><strong>Hillesheimer-Gerolsteiner Land<\/strong><\/a><br \/>Hier finden Sie Aktivit\u00e4ten im Hillesheimer-Gerolsteiner Land<\/p>\r\n\r\n\r\n\r\n<p class=\"has-background has-regular-font-size has-very-light-gray-background-color\"><img decoding=\"async\" loading=\"lazy\" width=\"40\" height=\"25\" class=\"wp-image-93\" style=\"margin-bottom: -7px; margin-left: -17px; width: 40px;\" src=\"https:\/\/ferienhaus-eifeltraeume.de\/web\/wp-content\/uploads\/2018\/08\/web.png\" alt=\"\" \/>\u00a0<a href=\"https:\/\/greifenwarte.net\/wolfspark-kasselburg\/\" target=\"_blank\" rel=\"noopener\"><strong>Adler- und Wolfspark Kasselburg<\/strong><\/a><br \/>Der Adler- und Wolfspark befindet sich\u00a0in der Kasselburg, einer Burgruine aus dem 12. Jahrhundert. Mit gro\u00dfen naturnahen Gehege und ger\u00e4umigen Volieren. Das gr\u00f6\u00dfte Wolfsrudel Westeuropas ist dort in einem 10 ha gro\u00dfen Gel\u00e4nde untergebracht.<\/p>\r\n\r\n\r\n\r\n<p class=\"has-background has-regular-font-size has-very-light-gray-background-color\"><img decoding=\"async\" loading=\"lazy\" width=\"40\" height=\"25\" class=\"wp-image-93\" style=\"margin-bottom: -7px; margin-left: -17px; width: 40px;\" src=\"https:\/\/ferienhaus-eifeltraeume.de\/web\/wp-content\/uploads\/2018\/08\/web.png\" alt=\"\" \/>\u00a0<a href=\"https:\/\/www.wildpark-daun.de\" target=\"_blank\" rel=\"noopener\"><strong>Wild- &amp; Erlebnispark Daun<\/strong><\/a><br \/>Der Wild- &amp; Erlebnispark liegt in einem ca. 220 Hektar gro\u00dfen Wald- und Wiesengel\u00e4nde inmitten der Eifel nahe der Stadt Daun. Nicht nur wegen seiner gro\u00dfen Wildbest\u00e4nde ist der Wild- &amp; Erlebnispark Daun ber\u00fchmt.<\/p>\r\n\r\n\r\n\r\n<p class=\"has-background has-regular-font-size has-very-light-gray-background-color\"><img decoding=\"async\" loading=\"lazy\" width=\"40\" height=\"25\" class=\"wp-image-93\" style=\"margin-bottom: -7px; margin-left: -17px; width: 40px;\" src=\"https:\/\/ferienhaus-eifeltraeume.de\/web\/wp-content\/uploads\/2018\/08\/web.png\" alt=\"\" \/><a href=\"http:\/\/www.eifel-zoo.de\" target=\"_blank\" rel=\"noopener\">\u00a0<strong>Eifelzoo L\u00fcnebach<\/strong><\/a><br \/>Eingebettet in die Wald- und Berglandschaft der Eifel,bepflanzt mit seltenen, auch tropischen B\u00e4umen, k\u00f6nnen Sie die Tiere hautnah erleben.<\/p>\r\n\r\n\r\n\r\n<p class=\"has-background has-regular-font-size has-very-light-gray-background-color\"><img decoding=\"async\" loading=\"lazy\" width=\"40\" height=\"25\" class=\"wp-image-93\" style=\"margin-bottom: -7px; margin-left: -17px; width: 40px;\" src=\"https:\/\/ferienhaus-eifeltraeume.de\/web\/wp-content\/uploads\/2018\/08\/web.png\" alt=\"\" \/>\u00a0<a href=\"https:\/\/www.eifelpark.com\/\" target=\"_blank\" rel=\"noopener\"><strong>Eifelpark Gondorf<\/strong><\/a><br \/>Wildwasserbahn, Wildtiere tolle Shows und viele weitere Aktivit\u00e4ten finden Sie im Eifelpark Gondorf.<\/p>\r\n\r\n\r\n\r\n<p class=\"has-background has-regular-font-size has-very-light-gray-background-color\"><img decoding=\"async\" loading=\"lazy\" width=\"40\" height=\"25\" class=\"wp-image-93\" style=\"margin-bottom: -7px; margin-left: -17px; width: 40px;\" src=\"https:\/\/ferienhaus-eifeltraeume.de\/web\/wp-content\/uploads\/2018\/08\/web.png\" alt=\"\" \/>\u00a0<a href=\"http:\/\/www.vulkanhaus-strohn.de\" target=\"_blank\" rel=\"noopener\"><strong>Vulkanhaus Strohn<\/strong><\/a><br \/>Vulkaneifel European Geopark einem einmaligen Welt-Naturerbe 2010 als Naturpark anerkannt.<\/p>\r\n","protected":false},"excerpt":{"rendered":"<p>Hier erhalten Sie einige Tipps f\u00fcr Freizeizaktivit\u00e4ten bei uns in der Eifel. \u00a0Sehensw\u00fcrdigkeiten rund um BirresbornEntdecken Sie die Eish\u00f6hlen, den Vulkan Kalem, Adam &amp; Eva mit der Riesenbankund weitere Sehensw\u00fcrdigkeiten um unseren Heimatort. \u00a0Hillesheimer-Gerolsteiner LandHier finden Sie Aktivit\u00e4ten im Hillesheimer-Gerolsteiner Land \u00a0Adler- und Wolfspark KasselburgDer Adler- und Wolfspark befindet sich\u00a0in&#8230;<\/p>\n<p> <a class=\"continue-reading-link\" href=\"https:\/\/ferienhaus-eifeltraeume.de\/web\/freizeit-tipps\/\"><span>Continue reading<\/span><i class=\"crycon-right-dir\"><\/i><\/a><\/p>\n","protected":false},"author":1,"featured_media":0,"parent":0,"menu_order":0,"comment_status":"closed","ping_status":"closed","template":"","meta":[],"_links":{"self":[{"href":"https:\/\/ferienhaus-eifeltraeume.de\/web\/wp-json\/wp\/v2\/pages\/86"}],"collection":[{"href":"https:\/\/ferienhaus-eifeltraeume.de\/web\/wp-json\/wp\/v2\/pages"}],"about":[{"href":"https:\/\/ferienhaus-eifeltraeume.de\/web\/wp-json\/wp\/v2\/types\/page"}],"author":[{"embeddable":true,"href":"https:\/\/ferienhaus-eifeltraeume.de\/web\/wp-json\/wp\/v2\/users\/1"}],"replies":[{"embeddable":true,"href":"https:\/\/ferienhaus-eifeltraeume.de\/web\/wp-json\/wp\/v2\/comments?post=86"}],"version-history":[{"count":23,"href":"https:\/\/ferienhaus-eifeltraeume.de\/web\/wp-json\/wp\/v2\/pages\/86\/revisions"}],"predecessor-version":[{"id":312,"href":"https:\/\/ferienhaus-eifeltraeume.de\/web\/wp-json\/wp\/v2\/pages\/86\/revisions\/312"}],"wp:attachment":[{"href":"https:\/\/ferienhaus-eifeltraeume.de\/web\/wp-json\/wp\/v2\/media?parent=86"}],"curies":[{"name":"wp","href":"https:\/\/api.w.org\/{rel}","templated":true}]}}